{"id":137,"date":"2015-05-26T13:55:50","date_gmt":"2015-05-26T13:55:50","guid":{"rendered":"http:\/\/projekti.euroart93.net\/dwr-wp\/careers-2\/"},"modified":"2015-05-27T12:14:41","modified_gmt":"2015-05-27T12:14:41","slug":"karijere","status":"publish","type":"page","link":"https:\/\/dwr-eu.eu\/hr\/karijere\/","title":{"rendered":"Karijere"},"content":{"rendered":"<p>DWR  cijeni i savjetuje svakog \u010dlana na\u0161eg rastu\u0107eg tima. Tra\u017eimo talentirane, na uspjeh orijentirane profesionalce, koji \u017eive i di\u0161u izvoz i te\u017ee u fleksibilnom, ali izazovnom radnom okru\u017eenju.<\/p>\n","protected":false},"excerpt":{"rendered":"<p>DWR cijeni i savjetuje svakog \u010dlana na\u0161eg rastu\u0107eg tima. Tra\u017eimo talentirane, na uspjeh orijentirane profesionalce, koji \u017eive i di\u0161u izvoz i te\u017ee u fleksibilnom, ali izazovnom radnom okru\u017eenju.<\/p>\n","protected":false},"author":1,"featured_media":0,"parent":0,"menu_order":0,"comment_status":"open","ping_status":"open","template":"tpl-carerrs.php","meta":[],"acf":[],"_links":{"self":[{"href":"https:\/\/dwr-eu.eu\/hr\/wp-json\/wp\/v2\/pages\/137"}],"collection":[{"href":"https:\/\/dwr-eu.eu\/hr\/wp-json\/wp\/v2\/pages"}],"about":[{"href":"https:\/\/dwr-eu.eu\/hr\/wp-json\/wp\/v2\/types\/page"}],"author":[{"embeddable":true,"href":"https:\/\/dwr-eu.eu\/hr\/wp-json\/wp\/v2\/users\/1"}],"replies":[{"embeddable":true,"href":"https:\/\/dwr-eu.eu\/hr\/wp-json\/wp\/v2\/comments?post=137"}],"version-history":[{"count":2,"href":"https:\/\/dwr-eu.eu\/hr\/wp-json\/wp\/v2\/pages\/137\/revisions"}],"predecessor-version":[{"id":139,"href":"https:\/\/dwr-eu.eu\/hr\/wp-json\/wp\/v2\/pages\/137\/revisions\/139"}],"wp:attachment":[{"href":"https:\/\/dwr-eu.eu\/hr\/wp-json\/wp\/v2\/media?parent=137"}],"curies":[{"name":"wp","href":"https:\/\/api.w.org\/{rel}","templated":true}]}}