{"id":132,"date":"2015-05-26T14:05:11","date_gmt":"2015-05-26T14:05:11","guid":{"rendered":"http:\/\/projekti.euroart93.net\/dwr-wp\/about-us-2\/"},"modified":"2020-05-20T14:19:28","modified_gmt":"2020-05-20T14:19:28","slug":"o-nama","status":"publish","type":"page","link":"https:\/\/dwr-eu.eu\/hr\/o-nama\/","title":{"rendered":"O nama"},"content":{"rendered":"<p>DWR osigurava rje\u0161enja koja obuhva\u0107aju sve aspekte uvo\u0111enja proizvoda na novo tr\u017ei\u0161te, me\u0111unarodne poslovne treninge i usluge savjetovanja. Tijekom pru\u017eanja rje\u0161enja, kratkoro\u010dnih ili dugoro\u010dnih programa, vrijednosti na\u0161ih klijenata ostaju esencijalne.<\/p>\n","protected":false},"excerpt":{"rendered":"<p>DWR osigurava rje\u0161enja koja obuhva\u0107aju sve aspekte uvo\u0111enja proizvoda na novo tr\u017ei\u0161te, me\u0111unarodne poslovne treninge i usluge savjetovanja. Tijekom pru\u017eanja rje\u0161enja, kratkoro\u010dnih ili dugoro\u010dnih programa, vrijednosti na\u0161ih klijenata ostaju esencijalne.<\/p>\n","protected":false},"author":1,"featured_media":0,"parent":0,"menu_order":0,"comment_status":"open","ping_status":"open","template":"tpl-aboutus.php","meta":[],"acf":[],"_links":{"self":[{"href":"https:\/\/dwr-eu.eu\/hr\/wp-json\/wp\/v2\/pages\/132"}],"collection":[{"href":"https:\/\/dwr-eu.eu\/hr\/wp-json\/wp\/v2\/pages"}],"about":[{"href":"https:\/\/dwr-eu.eu\/hr\/wp-json\/wp\/v2\/types\/page"}],"author":[{"embeddable":true,"href":"https:\/\/dwr-eu.eu\/hr\/wp-json\/wp\/v2\/users\/1"}],"replies":[{"embeddable":true,"href":"https:\/\/dwr-eu.eu\/hr\/wp-json\/wp\/v2\/comments?post=132"}],"version-history":[{"count":15,"href":"https:\/\/dwr-eu.eu\/hr\/wp-json\/wp\/v2\/pages\/132\/revisions"}],"predecessor-version":[{"id":338,"href":"https:\/\/dwr-eu.eu\/hr\/wp-json\/wp\/v2\/pages\/132\/revisions\/338"}],"wp:attachment":[{"href":"https:\/\/dwr-eu.eu\/hr\/wp-json\/wp\/v2\/media?parent=132"}],"curies":[{"name":"wp","href":"https:\/\/api.w.org\/{rel}","templated":true}]}}