{"id":178,"date":"2015-05-26T13:55:50","date_gmt":"2015-05-26T13:55:50","guid":{"rendered":"http:\/\/projekti.euroart93.net\/dwr-wp\/careers-2\/"},"modified":"2015-05-27T13:49:50","modified_gmt":"2015-05-27T13:49:50","slug":"kariera","status":"publish","type":"page","link":"https:\/\/dwr-eu.eu\/cs\/kariera\/","title":{"rendered":"Kari\u00e9ra"},"content":{"rendered":"<p>V DWR si v\u00e1\u017e\u00edme a rozv\u00edj\u00edme ka\u017ed\u00e9ho \u010dlena na\u0161eho rostouc\u00edho t\u00fdmu. Hled\u00e1me talentovan\u00e9 profesion\u00e1ly orientovan\u00e9 na v\u00fdsledek, kte\u0159\u00ed \u017eij\u00ed a d\u00fdchaj\u00ed pro export, a hledaj\u00ed flexibiln\u00ed a n\u00e1ro\u010dn\u00e9 pracovn\u00ed prost\u0159ed\u00ed.<\/p>\n","protected":false},"excerpt":{"rendered":"<p>V DWR si v\u00e1\u017e\u00edme a rozv\u00edj\u00edme ka\u017ed\u00e9ho \u010dlena na\u0161eho rostouc\u00edho t\u00fdmu. Hled\u00e1me talentovan\u00e9 profesion\u00e1ly orientovan\u00e9 na v\u00fdsledek, kte\u0159\u00ed \u017eij\u00ed a d\u00fdchaj\u00ed pro export, a hledaj\u00ed flexibiln\u00ed a n\u00e1ro\u010dn\u00e9 pracovn\u00ed prost\u0159ed\u00ed.<\/p>\n","protected":false},"author":1,"featured_media":0,"parent":0,"menu_order":0,"comment_status":"open","ping_status":"open","template":"tpl-carerrs.php","meta":[],"acf":[],"_links":{"self":[{"href":"https:\/\/dwr-eu.eu\/cs\/wp-json\/wp\/v2\/pages\/178"}],"collection":[{"href":"https:\/\/dwr-eu.eu\/cs\/wp-json\/wp\/v2\/pages"}],"about":[{"href":"https:\/\/dwr-eu.eu\/cs\/wp-json\/wp\/v2\/types\/page"}],"author":[{"embeddable":true,"href":"https:\/\/dwr-eu.eu\/cs\/wp-json\/wp\/v2\/users\/1"}],"replies":[{"embeddable":true,"href":"https:\/\/dwr-eu.eu\/cs\/wp-json\/wp\/v2\/comments?post=178"}],"version-history":[{"count":2,"href":"https:\/\/dwr-eu.eu\/cs\/wp-json\/wp\/v2\/pages\/178\/revisions"}],"predecessor-version":[{"id":180,"href":"https:\/\/dwr-eu.eu\/cs\/wp-json\/wp\/v2\/pages\/178\/revisions\/180"}],"wp:attachment":[{"href":"https:\/\/dwr-eu.eu\/cs\/wp-json\/wp\/v2\/media?parent=178"}],"curies":[{"name":"wp","href":"https:\/\/api.w.org\/{rel}","templated":true}]}}