{"id":173,"date":"2015-05-26T14:05:11","date_gmt":"2015-05-26T14:05:11","guid":{"rendered":"http:\/\/projekti.euroart93.net\/dwr-wp\/about-us-2\/"},"modified":"2020-05-20T14:20:42","modified_gmt":"2020-05-20T14:20:42","slug":"o-nas","status":"publish","type":"page","link":"https:\/\/dwr-eu.eu\/cs\/o-nas\/","title":{"rendered":"O n\u00e1s"},"content":{"rendered":"<p>DWR poskytuje \u0159e\u0161en\u00ed, kter\u00e1 zahrnuj\u00ed v\u0161echny aspekty uveden\u00ed produktu na nov\u00fd trh, \u0161kolen\u00ed mezin\u00e1rodn\u00edho obchodu a poradenstv\u00ed. P\u0159i poskytov\u00e1n\u00ed \u0159e\u0161en\u00ed pro kr\u00e1tkodob\u00e9 i dlouhodob\u00e9 programy pro n\u00e1s v\u017edy z\u016fst\u00e1vaj\u00ed z\u00e1kladem hodnoty na\u0161ich klient\u016f.<\/p>\n","protected":false},"excerpt":{"rendered":"<p>DWR poskytuje \u0159e\u0161en\u00ed, kter\u00e1 zahrnuj\u00ed v\u0161echny aspekty uveden\u00ed produktu na nov\u00fd trh, \u0161kolen\u00ed mezin\u00e1rodn\u00edho obchodu a poradenstv\u00ed. P\u0159i poskytov\u00e1n\u00ed \u0159e\u0161en\u00ed pro kr\u00e1tkodob\u00e9 i dlouhodob\u00e9 programy pro n\u00e1s v\u017edy z\u016fst\u00e1vaj\u00ed z\u00e1kladem hodnoty na\u0161ich klient\u016f.<\/p>\n","protected":false},"author":1,"featured_media":0,"parent":0,"menu_order":0,"comment_status":"open","ping_status":"open","template":"tpl-aboutus.php","meta":[],"acf":[],"_links":{"self":[{"href":"https:\/\/dwr-eu.eu\/cs\/wp-json\/wp\/v2\/pages\/173"}],"collection":[{"href":"https:\/\/dwr-eu.eu\/cs\/wp-json\/wp\/v2\/pages"}],"about":[{"href":"https:\/\/dwr-eu.eu\/cs\/wp-json\/wp\/v2\/types\/page"}],"author":[{"embeddable":true,"href":"https:\/\/dwr-eu.eu\/cs\/wp-json\/wp\/v2\/users\/1"}],"replies":[{"embeddable":true,"href":"https:\/\/dwr-eu.eu\/cs\/wp-json\/wp\/v2\/comments?post=173"}],"version-history":[{"count":8,"href":"https:\/\/dwr-eu.eu\/cs\/wp-json\/wp\/v2\/pages\/173\/revisions"}],"predecessor-version":[{"id":339,"href":"https:\/\/dwr-eu.eu\/cs\/wp-json\/wp\/v2\/pages\/173\/revisions\/339"}],"wp:attachment":[{"href":"https:\/\/dwr-eu.eu\/cs\/wp-json\/wp\/v2\/media?parent=173"}],"curies":[{"name":"wp","href":"https:\/\/api.w.org\/{rel}","templated":true}]}}