{"id":168,"date":"2015-05-26T13:35:34","date_gmt":"2015-05-26T13:35:34","guid":{"rendered":"http:\/\/projekti.euroart93.net\/dwr-wp\/services-2\/"},"modified":"2015-06-09T12:47:21","modified_gmt":"2015-06-09T12:47:21","slug":"sluzby","status":"publish","type":"page","link":"https:\/\/dwr-eu.eu\/cs\/sluzby\/","title":{"rendered":"Slu\u017eby"},"content":{"rendered":"<p>N\u00e1\u0161 exportn\u00ed t\u00fdm v\u00e1s naviguje nejnov\u011bj\u0161\u00edmi p\u0159edpisy, minimalizuje administrativu, urychluje tranzit, a sni\u017euje n\u00e1klady na dopravu dokonale personalizovan\u00fdm servisem.<\/p>\n","protected":false},"excerpt":{"rendered":"<p>N\u00e1\u0161 exportn\u00ed t\u00fdm v\u00e1s naviguje nejnov\u011bj\u0161\u00edmi p\u0159edpisy, minimalizuje administrativu, urychluje tranzit, a sni\u017euje n\u00e1klady na dopravu dokonale personalizovan\u00fdm servisem.<\/p>\n","protected":false},"author":1,"featured_media":0,"parent":0,"menu_order":0,"comment_status":"open","ping_status":"open","template":"tpl-services.php","meta":[],"acf":[],"_links":{"self":[{"href":"https:\/\/dwr-eu.eu\/cs\/wp-json\/wp\/v2\/pages\/168"}],"collection":[{"href":"https:\/\/dwr-eu.eu\/cs\/wp-json\/wp\/v2\/pages"}],"about":[{"href":"https:\/\/dwr-eu.eu\/cs\/wp-json\/wp\/v2\/types\/page"}],"author":[{"embeddable":true,"href":"https:\/\/dwr-eu.eu\/cs\/wp-json\/wp\/v2\/users\/1"}],"replies":[{"embeddable":true,"href":"https:\/\/dwr-eu.eu\/cs\/wp-json\/wp\/v2\/comments?post=168"}],"version-history":[{"count":2,"href":"https:\/\/dwr-eu.eu\/cs\/wp-json\/wp\/v2\/pages\/168\/revisions"}],"predecessor-version":[{"id":211,"href":"https:\/\/dwr-eu.eu\/cs\/wp-json\/wp\/v2\/pages\/168\/revisions\/211"}],"wp:attachment":[{"href":"https:\/\/dwr-eu.eu\/cs\/wp-json\/wp\/v2\/media?parent=168"}],"curies":[{"name":"wp","href":"https:\/\/api.w.org\/{rel}","templated":true}]}}